{"id":69,"date":"2014-07-12T00:08:31","date_gmt":"2014-07-12T00:08:31","guid":{"rendered":"http:\/\/test.cykeltaxa.nu\/test\/?page_id=69"},"modified":"2026-03-12T12:23:25","modified_gmt":"2026-03-12T12:23:25","slug":"hjem","status":"publish","type":"page","link":"https:\/\/partybike.dk\/","title":{"rendered":"BarCyklen"},"content":{"rendered":"\n<h5 class=\"wp-block-heading\">\n<a href=\"http:\/\/partybike.dk\/?page_id=129\"><img loading=\"lazy\" decoding=\"async\" class=\"alignright wp-image-448\" src=\"http:\/\/octopus.cykeltaxa.nu\/wp-content\/uploads\/2016\/05\/tours.png\" alt=\"tours\" width=\"302\" height=\"96\" srcset=\"https:\/\/partybike.dk\/wp-content\/uploads\/2016\/05\/tours.png 655w, https:\/\/partybike.dk\/wp-content\/uploads\/2016\/05\/tours-300x95.png 300w\" sizes=\"(max-width: 302px) 100vw, 302px\" \/><\/a><\/h5>\n\n\n\n<h4 class=\"wp-block-heading\">Velkommen til PartyBike&nbsp;\u2013 BarCyklen &amp; Octopus <\/h4>\n\n\n\n<p>Vores vogne er specielt gode til polterabend, f\u00f8dselsdag, firmaarrangement. <\/p>\n\n\n\n<figure class=\"wp-block-image size-large is-style-rounded\"><a href=\"http:\/\/partybike.dk\/wp-content\/uploads\/2026\/03\/barcykel2-e1772839894515.png\"><img loading=\"lazy\" decoding=\"async\" width=\"1024\" height=\"807\" src=\"http:\/\/partybike.dk\/wp-content\/uploads\/2026\/03\/barcykel2-1024x807.png\" alt=\"\" class=\"wp-image-764\"\/><\/a><\/figure>\n\n\n\n<p>&#8230; <\/p>\n\n\n\n<p>\ud83c\udf89 1. Octopus og BarCyklen:<\/p>\n\n\n\n<p>Fest p\u00e5 hjul p\u00e5 Octopus er ideelt til grupper p\u00e5 5\u20137 personer. BarCyklen er ideel til grupper p\u00e5 8\u201318 personer. BarCyklen er bar med pedaler \u2013 og oplevelse i roligt tempo.<\/p>\n\n\n\n<p>&#8230; <\/p>\n\n\n\n<p><img loading=\"lazy\" decoding=\"async\" height=\"16\" width=\"16\" src=\"https:\/\/static.xx.fbcdn.net\/images\/emoji.php\/v9\/tde\/1\/16\/1f6b2.png\" alt=\"\ud83d\udeb2\">  2. &#8220;The North Side Tour&#8221; <\/p>\n\n\n\n<p>Turen foreg\u00e5r her i det gr\u00f8nne og hyggelige omr\u00e5de omkring Lers\u00f8parken og Ryparken Station \u2013 <\/p>\n\n\n\n<p>Turen starter ved enten Bispebjerg Station eller Ryparken Station \u2013 begge let tilg\u00e6ngelige med tog eller bil. 11 minutter fra N\u00f8rreport Station. <\/p>\n\n\n\n<p>&#8230; <\/p>\n\n\n\n<p><img loading=\"lazy\" decoding=\"async\" height=\"16\" width=\"16\" src=\"https:\/\/static.xx.fbcdn.net\/images\/emoji.php\/v9\/t1f\/1\/16\/1f3b6.png\" alt=\"\ud83c\udfb6\">  3. Musik, stemning. <\/p>\n\n\n\n<p>Der er h\u00f8jtalere p\u00e5 cyklen, s\u00e5 I kan tilslutte jeres egen musik. <\/p>\n\n\n\n<p>Spil quiz og bingo p\u00e5 turen med gommens eller brudens musik. Kontakt os for flere id\u00e9er.<\/p>\n\n\n\n<p><\/p>\n\n\n\n<p>Vi s\u00f8rger for drikkevarer, drinks og fad\u00f8l under turen \u2013  Drikkepakke tilk\u00f8bes: \u00d8l, vand, cider, drinks og fad\u00f8l \u2013 tilpasses efter behov. <\/p>\n\n\n\n<p>&#8230; <\/p>\n\n\n\n<p><img loading=\"lazy\" decoding=\"async\" height=\"16\" width=\"16\" src=\"https:\/\/static.xx.fbcdn.net\/images\/emoji.php\/v9\/tb5\/1\/16\/23f1.png\" alt=\"\u23f1\ufe0f\">  4. Priser. <\/p>\n\n\n\n<p> 1 times tur: 300 kr. pr. person 1,5 times tur: 435 kr. pr. person \u2013 l\u00e6ngere tur med sm\u00e5 pauser <\/p>\n\n\n\n<p>&#8230;<\/p>\n\n\n\n<p><img loading=\"lazy\" decoding=\"async\" height=\"16\" width=\"16\" src=\"https:\/\/static.xx.fbcdn.net\/images\/emoji.php\/v9\/t1e\/1\/16\/1f33f.png\" alt=\"\ud83c\udf3f\">  5. N\u00e5r turen er slut.<\/p>\n\n\n\n<p>Slutter vi ved Bispebjerg Station eller Ryparken Station hvor der er gode forbindelser ud i byen. <\/p>\n\n\n\n<p><\/p>\n\n\n\n<p>&#8230; <\/p>\n\n\n\n<p>Booking og foresp\u00f8rgsler<br>Mail: info@partybike.dk<\/p>\n\n\n\n<p>Telefon: +45 4141 5041<\/p>\n\n\n\n<p>CVR-nr.: 26807034<br>CVRP-nr.: 1015059458<\/p>\n","protected":false},"excerpt":{"rendered":"<p>Velkommen til PartyBike&nbsp;\u2013 BarCyklen &amp; Octopus Vores vogne er specielt gode til polterabend, f\u00f8dselsdag, firmaarrangement. &#8230; \ud83c\udf89 1. Octopus og BarCyklen: Fest p\u00e5 hjul p\u00e5 Octopus er ideelt til grupper p\u00e5 5\u20137 personer. BarCyklen er ideel til grupper p\u00e5 8\u201318 personer. BarCyklen er bar med pedaler \u2013 og oplevelse i roligt tempo. &#8230; 2. &#8220;The&hellip;<\/p>\n","protected":false},"author":1,"featured_media":234,"parent":0,"menu_order":0,"comment_status":"closed","ping_status":"closed","template":"","meta":{"footnotes":""},"_links":{"self":[{"href":"https:\/\/partybike.dk\/index.php?rest_route=\/wp\/v2\/pages\/69"}],"collection":[{"href":"https:\/\/partybike.dk\/index.php?rest_route=\/wp\/v2\/pages"}],"about":[{"href":"https:\/\/partybike.dk\/index.php?rest_route=\/wp\/v2\/types\/page"}],"author":[{"embeddable":true,"href":"https:\/\/partybike.dk\/index.php?rest_route=\/wp\/v2\/users\/1"}],"replies":[{"embeddable":true,"href":"https:\/\/partybike.dk\/index.php?rest_route=%2Fwp%2Fv2%2Fcomments&post=69"}],"version-history":[{"count":183,"href":"https:\/\/partybike.dk\/index.php?rest_route=\/wp\/v2\/pages\/69\/revisions"}],"predecessor-version":[{"id":793,"href":"https:\/\/partybike.dk\/index.php?rest_route=\/wp\/v2\/pages\/69\/revisions\/793"}],"wp:featuredmedia":[{"embeddable":true,"href":"https:\/\/partybike.dk\/index.php?rest_route=\/wp\/v2\/media\/234"}],"wp:attachment":[{"href":"https:\/\/partybike.dk\/index.php?rest_route=%2Fwp%2Fv2%2Fmedia&parent=69"}],"curies":[{"name":"wp","href":"https:\/\/api.w.org\/{rel}","templated":true}]}}