{"id":129,"date":"2014-07-15T20:23:20","date_gmt":"2014-07-15T20:23:20","guid":{"rendered":"http:\/\/test.cykeltaxa.nu\/test\/?page_id=129"},"modified":"2026-03-04T22:29:36","modified_gmt":"2026-03-04T22:29:36","slug":"priser","status":"publish","type":"page","link":"https:\/\/partybike.dk\/?page_id=129","title":{"rendered":"TURE &#038; PRISER"},"content":{"rendered":"\n<p><\/p>\n\n\n\n<h3 class=\"wp-block-heading\">&#8211; Her er tre pakker &#8211;<\/h3>\n\n\n\n<h3 class=\"wp-block-heading\">1) Den lille tur p\u00e5 45 min.<\/h3>\n\n\n\n<h3 class=\"wp-block-heading\">2)&nbsp; PartyTour p\u00e5 BarCyklen 60 min.<\/h3>\n\n\n\n<h3 class=\"wp-block-heading\">3) PartyTour med tid til at str\u00e6kke benene p\u00e5 1.5 time<\/h3>\n\n\n\n<!--more-->\n\n\n\n<hr class=\"wp-block-separator has-alpha-channel-opacity\"\/>\n\n\n\n<h3 class=\"wp-block-heading\"><a href=\"http:\/\/octopus.cykeltaxa.nu\/wp-content\/uploads\/2015\/07\/Sk\u00e6rmbillede-2015-07-16-21.51.29.png\" target=\"_blank\" rel=\"noopener\"><img loading=\"lazy\" decoding=\"async\" class=\"aligncenter size-full wp-image-410\" src=\"http:\/\/octopus.cykeltaxa.nu\/wp-content\/uploads\/2015\/07\/Sk\u00e6rmbillede-2015-07-16-21.51.29.png\" alt=\"Sk\u00e6rmbillede 2015-07-16 21.51.29\" width=\"435\" height=\"333\" srcset=\"https:\/\/partybike.dk\/wp-content\/uploads\/2015\/07\/Sk\u00e6rmbillede-2015-07-16-21.51.29.png 435w, https:\/\/partybike.dk\/wp-content\/uploads\/2015\/07\/Sk\u00e6rmbillede-2015-07-16-21.51.29-300x230.png 300w\" sizes=\"(max-width: 435px) 100vw, 435px\" \/><\/a><\/h3>\n\n\n\n<h2 class=\"wp-block-heading\">1).Den lille tur<\/h2>\n\n\n\n<h4 class=\"wp-block-heading\"><strong>&nbsp;45 minutter. Pris 285 kr. pr. g\u00e6st*<\/strong><\/h4>\n\n\n\n<h4 class=\"wp-block-heading\">&nbsp;<\/h4>\n\n\n<div class=\"wp-block-image\">\n<figure class=\"aligncenter\"><a href=\"http:\/\/octopus.cykeltaxa.nu\/wp-content\/uploads\/2015\/07\/Sk\u00e6rmbillede-2015-07-16-22.01.32.png\" target=\"_blank\" rel=\"noopener\"><img loading=\"lazy\" decoding=\"async\" width=\"428\" height=\"333\" src=\"http:\/\/octopus.cykeltaxa.nu\/wp-content\/uploads\/2015\/07\/Sk\u00e6rmbillede-2015-07-16-22.01.32.png\" alt=\"Sk\u00e6rmbillede 2015-07-16 22.01.32\" class=\"wp-image-412\" srcset=\"https:\/\/partybike.dk\/wp-content\/uploads\/2015\/07\/Sk\u00e6rmbillede-2015-07-16-22.01.32.png 428w, https:\/\/partybike.dk\/wp-content\/uploads\/2015\/07\/Sk\u00e6rmbillede-2015-07-16-22.01.32-300x233.png 300w\" sizes=\"(max-width: 428px) 100vw, 428px\" \/><\/a><\/figure><\/div>\n\n\n<p class=\"has-text-align-center\"><\/p>\n\n\n\n<h2 class=\"wp-block-heading\">2) BarCyklen 60 min.<\/h2>\n\n\n\n<h4 class=\"wp-block-heading\"><strong>60 minutter. pris 300 kr. pr. g\u00e6st*<\/strong><\/h4>\n\n\n\n<h4 class=\"wp-block-heading\">&nbsp;<\/h4>\n\n\n\n<hr class=\"wp-block-separator has-alpha-channel-opacity\"\/>\n\n\n<div class=\"wp-block-image\">\n<figure class=\"aligncenter\"><a href=\"http:\/\/octopus.cykeltaxa.nu\/wp-content\/uploads\/2015\/07\/Sk\u00e6rmbillede-2015-07-16-22.00.07.png\" target=\"_blank\" rel=\"noopener\"><img loading=\"lazy\" decoding=\"async\" width=\"395\" height=\"307\" src=\"http:\/\/octopus.cykeltaxa.nu\/wp-content\/uploads\/2015\/07\/Sk\u00e6rmbillede-2015-07-16-22.00.07.png\" alt=\"Sk\u00e6rmbillede 2015-07-16 22.00.07\" class=\"wp-image-413\" srcset=\"https:\/\/partybike.dk\/wp-content\/uploads\/2015\/07\/Sk\u00e6rmbillede-2015-07-16-22.00.07.png 395w, https:\/\/partybike.dk\/wp-content\/uploads\/2015\/07\/Sk\u00e6rmbillede-2015-07-16-22.00.07-300x233.png 300w\" sizes=\"(max-width: 395px) 100vw, 395px\" \/><\/a><\/figure><\/div>\n\n\n<p class=\"has-text-align-center\"><\/p>\n\n\n\n<h2 class=\"wp-block-heading\">3) PartyTour med tid til at str\u00e6kke benene p\u00e5 1.5 time<\/h2>\n\n\n\n<h4 class=\"wp-block-heading\"><strong>1.5 time pris 450 kr. pr. g\u00e6st*<\/strong><\/h4>\n\n\n\n<p>Og vi hj\u00e6lper gerne hvis i vil have noget koldt at drikke og&nbsp; isterninger, krus mm. Prisen afh\u00e6nger af hvad i \u00f8nsker.<\/p>\n\n\n\n<h4 class=\"wp-block-heading\"><strong>Denne tur er den mest popul\u00e6re tur!<\/strong><\/h4>\n\n\n\n<hr class=\"wp-block-separator has-alpha-channel-opacity\"\/>\n\n\n\n<h5 class=\"wp-block-heading\"><\/h5>\n\n\n\n<p class=\"has-text-align-center\"><strong>Turen starter ved Bispebjerg Station og der er ogs\u00e5 mulig m\u00f8dested p\u00e5 Ryparken station.&nbsp;<\/strong><\/p>\n\n\n\n<p class=\"has-text-align-center\"><strong>Vi kommer ogs\u00e5 udenfor K\u00f8benhavn og bruger autotransporter. Prisen for autotransporter bliver lagt oveni prisen.&nbsp;<\/strong><\/p>\n\n\n\n<p class=\"has-text-align-center\"><strong> Du v\u00e6lger hvilken dag og tidspunkt du vil booke, hvis i er fleksible i planl\u00e6gningen er det en god ide at skrive det.<\/strong><\/p>\n\n\n\n<p class=\"has-text-align-center\"><strong>&nbsp;<\/strong><\/p>\n\n\n\n<p class=\"has-text-align-center\"><strong>1). Efter du har lavet en uforpligtende foresp\u00f8rgsel sender vi en bekr\u00e6ftelse af jeres \u00f8nsker.<\/strong><\/p>\n\n\n\n<p class=\"has-text-align-center\"><strong>&nbsp;<\/strong><\/p>\n\n\n\n<p class=\"has-text-align-center\"><strong>2). N\u00e5r vi er enige og du har modtaget vores bekr\u00e6ftelse <\/strong><strong>har vi en fast aftale. <\/strong><\/p>\n\n\n\n<p class=\"has-text-align-center\"><strong>Hvis i vil lave \u00e6ndringer i planen er det altid muligt op til en uge f\u00f8r aftalte dato. Fleksibiliteten er selvf\u00f8lgelig et sp\u00f8rgsm\u00e5l om hvor booket vi er i forhold til omrokering af aftalen.&nbsp;<\/strong><\/p>\n\n\n\n<p class=\"has-text-align-center\"><strong>&nbsp;<\/strong><\/p>\n\n\n\n<p class=\"has-text-align-center\"><strong>Betalingen sker ved kortbetaling eller Revolut, PayPal eller kontant. Alt efter aftale.&nbsp;<\/strong><\/p>\n\n\n\n<p class=\"has-text-align-center\"><strong>*) Priserne foruds\u00e6tter at vognen er fuld eller andet er aftalt. Der er plads til 18 p\u00e5 BarCyklen.<\/strong><\/p>\n\n\n\n<p class=\"has-text-align-center\"><\/p>\n","protected":false},"excerpt":{"rendered":"<p>&#8211; Her er tre pakker &#8211; 1) Den lille tur p\u00e5 45 min. 2)&nbsp; PartyTour p\u00e5 BarCyklen 60 min. 3) PartyTour med tid til at str\u00e6kke benene p\u00e5 1.5 time<\/p>\n","protected":false},"author":1,"featured_media":0,"parent":0,"menu_order":0,"comment_status":"closed","ping_status":"closed","template":"","meta":{"footnotes":""},"_links":{"self":[{"href":"https:\/\/partybike.dk\/index.php?rest_route=\/wp\/v2\/pages\/129"}],"collection":[{"href":"https:\/\/partybike.dk\/index.php?rest_route=\/wp\/v2\/pages"}],"about":[{"href":"https:\/\/partybike.dk\/index.php?rest_route=\/wp\/v2\/types\/page"}],"author":[{"embeddable":true,"href":"https:\/\/partybike.dk\/index.php?rest_route=\/wp\/v2\/users\/1"}],"replies":[{"embeddable":true,"href":"https:\/\/partybike.dk\/index.php?rest_route=%2Fwp%2Fv2%2Fcomments&post=129"}],"version-history":[{"count":122,"href":"https:\/\/partybike.dk\/index.php?rest_route=\/wp\/v2\/pages\/129\/revisions"}],"predecessor-version":[{"id":763,"href":"https:\/\/partybike.dk\/index.php?rest_route=\/wp\/v2\/pages\/129\/revisions\/763"}],"wp:attachment":[{"href":"https:\/\/partybike.dk\/index.php?rest_route=%2Fwp%2Fv2%2Fmedia&parent=129"}],"curies":[{"name":"wp","href":"https:\/\/api.w.org\/{rel}","templated":true}]}}